{"id":377,"date":"2018-12-26T13:12:55","date_gmt":"2018-12-26T13:12:55","guid":{"rendered":"https:\/\/websitedemos.net\/coach-02\/?page_id=138"},"modified":"2019-05-28T18:38:48","modified_gmt":"2019-05-28T18:38:48","slug":"blog","status":"publish","type":"page","link":"https:\/\/infoprimetecnologia.com.br\/index.php\/blog\/","title":{"rendered":"Blog"},"content":{"rendered":"\n<section class=\"wp-block-uagb-section uagb-section__wrap uagb-section__background-image\" id=\"uagb-section-8e9e634f-a0c1-4779-83e7-6faa63b95e48\"><div class=\"uagb-section__overlay\"><\/div><div class=\"uagb-section__inner-wrap\">\n<div class=\"wp-block-uagb-advanced-heading\" id=\"uagb-adv-heading-f593d1cc-9bdc-41aa-99c8-8098fed4e3e2\"><h1 class=\"uagb-heading-text\">Blog<\/h1><div class=\"uagb-separator-wrap\"><div class=\"uagb-separator\"><\/div><\/div><p class=\"uagb-desc-text\"> <\/p><\/div>\n<\/div><\/section>\n\n\n\n<section class=\"wp-block-uagb-section uagb-section__wrap uagb-section__background-color\" id=\"uagb-section-f5873b3d-eb4d-4087-83e7-fc232f860390\"><div class=\"uagb-section__overlay\"><\/div><div class=\"uagb-section__inner-wrap\">\t<div id=\"uagb-post__grid-d7809cc5-5427-495b-ab96-6c030d85bb60\" class=\"uagb-post-grid  uagb-post__image-position-background\">\n\n\t\t<div class=\"uagb-post__items uagb-post__columns-2 is-grid uagb-post__columns-tablet-1 uagb-post__columns-mobile-1 uagb-post__equal-height\">\n\n\t\t\t\t<\/div>\n\t<\/div>\n\t\n\n\n<div style=\"height:60px\" aria-hidden=\"true\" class=\"wp-block-spacer\"><\/div>\n\n\n\t<div id=\"uagb-post__grid-e6892e6f-997f-4169-93f5-3d0789a32fe2\" class=\"uagb-post-grid  uagb-post__image-position-top\">\n\n\t\t<div class=\"uagb-post__items uagb-post__columns-3 is-grid uagb-post__columns-tablet-2 uagb-post__columns-mobile-1 uagb-post__equal-height\">\n\n\t\t<article>\n\t\t<div class=\"uagb-post__inner-wrap\">\n\t\t\t\t\t<div class='uagb-post__image'>\n\t\t<a href=\"https:\/\/infoprimetecnologia.com.br\/index.php\/2019\/04\/27\/should-i-buy-an-emergency-generator\/\" target=\"_self\" rel=\"bookmark noopener noreferrer\"><img loading=\"lazy\" decoding=\"async\" width=\"800\" height=\"600\" src=\"https:\/\/infoprimetecnologia.com.br\/wp-content\/uploads\/2018\/12\/historia-das-redes-de-computadores-6.jpg\" class=\"attachment-large size-large\" alt=\"\" srcset=\"https:\/\/infoprimetecnologia.com.br\/wp-content\/uploads\/2018\/12\/historia-das-redes-de-computadores-6.jpg 800w, https:\/\/infoprimetecnologia.com.br\/wp-content\/uploads\/2018\/12\/historia-das-redes-de-computadores-6-300x225.jpg 300w, https:\/\/infoprimetecnologia.com.br\/wp-content\/uploads\/2018\/12\/historia-das-redes-de-computadores-6-768x576.jpg 768w\" sizes=\"auto, (max-width: 800px) 100vw, 800px\" \/>\t\t<\/a>\n\t<\/div>\n\t\t\t<div class=\"uagb-post__text\">\n\t\t\t\t<h4 class=\"uagb-post__title\">\n\t\t<a href=\"https:\/\/infoprimetecnologia.com.br\/index.php\/2019\/04\/27\/should-i-buy-an-emergency-generator\/\" target=\"_self\" rel=\"bookmark noopener noreferrer\">Import\u00e2ncia da seguran\u00e7a nas Redes de Computadores<\/a>\n\t<\/h4>\n\t\t\t\t\t<div class=\"uagb-post-grid-byline\"><time datetime=\"2019-04-27T12:13:04-03:00\" class=\"uagb-post__date\"><span class=\"dashicons-calendar dashicons\"><\/span>abril 27, 2019<\/time><span class=\"uagb-post__comment\"><span class=\"dashicons-admin-comments dashicons\"><\/span>Nenhum coment\u00e1rio<\/span><\/div>\n\t\t\t\t\t<div class=\"uagb-post__excerpt\">\n\t\tAlguns dos sinais de comprometimento da rede que podem&hellip;\t<\/div>\n\t\t\t\t\t<div class=\"uagb-post__cta\">\n\t\t<a class=\"uagb-post__link uagb-text-link\" href=\"https:\/\/infoprimetecnologia.com.br\/index.php\/2019\/04\/27\/should-i-buy-an-emergency-generator\/\" target=\"_self\" rel=\"bookmark noopener noreferrer\">Leia mais<\/a>\n\t<\/div>\n\t\t\t<\/div>\n\t<\/div>\n\t<\/article>\n<article>\n\t\t<div class=\"uagb-post__inner-wrap\">\n\t\t\t\t\t<div class='uagb-post__image'>\n\t\t<a href=\"https:\/\/infoprimetecnologia.com.br\/index.php\/2019\/05\/01\/manutencao-rede-eletrica\/\" target=\"_self\" rel=\"bookmark noopener noreferrer\"><img loading=\"lazy\" decoding=\"async\" width=\"1024\" height=\"768\" src=\"https:\/\/infoprimetecnologia.com.br\/wp-content\/uploads\/2019\/01\/electric-blog-02-1024x768.jpeg\" class=\"attachment-large size-large\" alt=\"\" srcset=\"https:\/\/infoprimetecnologia.com.br\/wp-content\/uploads\/2019\/01\/electric-blog-02-1024x768.jpeg 1024w, https:\/\/infoprimetecnologia.com.br\/wp-content\/uploads\/2019\/01\/electric-blog-02-300x225.jpeg 300w, https:\/\/infoprimetecnologia.com.br\/wp-content\/uploads\/2019\/01\/electric-blog-02-768x576.jpeg 768w, https:\/\/infoprimetecnologia.com.br\/wp-content\/uploads\/2019\/01\/electric-blog-02.jpeg 1280w\" sizes=\"auto, (max-width: 1024px) 100vw, 1024px\" \/>\t\t<\/a>\n\t<\/div>\n\t\t\t<div class=\"uagb-post__text\">\n\t\t\t\t<h4 class=\"uagb-post__title\">\n\t\t<a href=\"https:\/\/infoprimetecnologia.com.br\/index.php\/2019\/05\/01\/manutencao-rede-eletrica\/\" target=\"_self\" rel=\"bookmark noopener noreferrer\">Afinal, qual a import\u00e2ncia da manuten\u00e7\u00e3o el\u00e9trica?<\/a>\n\t<\/h4>\n\t\t\t\t\t<div class=\"uagb-post-grid-byline\"><time datetime=\"2019-05-01T12:31:30-03:00\" class=\"uagb-post__date\"><span class=\"dashicons-calendar dashicons\"><\/span>maio 1, 2019<\/time><span class=\"uagb-post__comment\"><span class=\"dashicons-admin-comments dashicons\"><\/span>Nenhum coment\u00e1rio<\/span><\/div>\n\t\t\t\t\t<div class=\"uagb-post__excerpt\">\n\t\tA manuten\u00e7\u00e3o el\u00e9trica \u00e9 fundamental como medida de precau\u00e7\u00e3o&hellip;\t<\/div>\n\t\t\t\t\t<div class=\"uagb-post__cta\">\n\t\t<a class=\"uagb-post__link uagb-text-link\" href=\"https:\/\/infoprimetecnologia.com.br\/index.php\/2019\/05\/01\/manutencao-rede-eletrica\/\" target=\"_self\" rel=\"bookmark noopener noreferrer\">Leia mais<\/a>\n\t<\/div>\n\t\t\t<\/div>\n\t<\/div>\n\t<\/article>\n<article>\n\t\t<div class=\"uagb-post__inner-wrap\">\n\t\t\t\t\t<div class='uagb-post__image'>\n\t\t<a href=\"https:\/\/infoprimetecnologia.com.br\/index.php\/2019\/05\/02\/using-a-multimeter-at-home\/\" target=\"_self\" rel=\"bookmark noopener noreferrer\"><img loading=\"lazy\" decoding=\"async\" width=\"1024\" height=\"768\" src=\"https:\/\/infoprimetecnologia.com.br\/wp-content\/uploads\/2019\/01\/electric-blog-03-1024x768.jpeg\" class=\"attachment-large size-large\" alt=\"\" srcset=\"https:\/\/infoprimetecnologia.com.br\/wp-content\/uploads\/2019\/01\/electric-blog-03-1024x768.jpeg 1024w, https:\/\/infoprimetecnologia.com.br\/wp-content\/uploads\/2019\/01\/electric-blog-03-300x225.jpeg 300w, https:\/\/infoprimetecnologia.com.br\/wp-content\/uploads\/2019\/01\/electric-blog-03-768x576.jpeg 768w, https:\/\/infoprimetecnologia.com.br\/wp-content\/uploads\/2019\/01\/electric-blog-03.jpeg 1280w\" sizes=\"auto, (max-width: 1024px) 100vw, 1024px\" \/>\t\t<\/a>\n\t<\/div>\n\t\t\t<div class=\"uagb-post__text\">\n\t\t\t\t<h4 class=\"uagb-post__title\">\n\t\t<a href=\"https:\/\/infoprimetecnologia.com.br\/index.php\/2019\/05\/02\/using-a-multimeter-at-home\/\" target=\"_self\" rel=\"bookmark noopener noreferrer\">Como se d\u00e1 a manuten\u00e7\u00e3o de placas eletr\u00f4nicas<\/a>\n\t<\/h4>\n\t\t\t\t\t<div class=\"uagb-post-grid-byline\"><time datetime=\"2019-05-02T12:25:50-03:00\" class=\"uagb-post__date\"><span class=\"dashicons-calendar dashicons\"><\/span>maio 2, 2019<\/time><span class=\"uagb-post__comment\"><span class=\"dashicons-admin-comments dashicons\"><\/span>Nenhum coment\u00e1rio<\/span><\/div>\n\t\t\t\t\t<div class=\"uagb-post__excerpt\">\n\t\tEsses testes resultam em relat\u00f3rios detalhados para futuras an\u00e1lises&hellip;\t<\/div>\n\t\t\t\t\t<div class=\"uagb-post__cta\">\n\t\t<a class=\"uagb-post__link uagb-text-link\" href=\"https:\/\/infoprimetecnologia.com.br\/index.php\/2019\/05\/02\/using-a-multimeter-at-home\/\" target=\"_self\" rel=\"bookmark noopener noreferrer\">Leia mais<\/a>\n\t<\/div>\n\t\t\t<\/div>\n\t<\/div>\n\t<\/article>\n<article>\n\t\t<div class=\"uagb-post__inner-wrap\">\n\t\t\t\t\t<div class='uagb-post__image'>\n\t\t<a href=\"https:\/\/infoprimetecnologia.com.br\/index.php\/2019\/05\/03\/bugs-in-your-electrical-outlet-it-really-can-happen\/\" target=\"_self\" rel=\"bookmark noopener noreferrer\"><img loading=\"lazy\" decoding=\"async\" width=\"400\" height=\"300\" src=\"https:\/\/infoprimetecnologia.com.br\/wp-content\/uploads\/2018\/12\/lan_protect.jpg\" class=\"attachment-large size-large\" alt=\"\" srcset=\"https:\/\/infoprimetecnologia.com.br\/wp-content\/uploads\/2018\/12\/lan_protect.jpg 400w, https:\/\/infoprimetecnologia.com.br\/wp-content\/uploads\/2018\/12\/lan_protect-300x225.jpg 300w\" sizes=\"auto, (max-width: 400px) 100vw, 400px\" \/>\t\t<\/a>\n\t<\/div>\n\t\t\t<div class=\"uagb-post__text\">\n\t\t\t\t<h4 class=\"uagb-post__title\">\n\t\t<a href=\"https:\/\/infoprimetecnologia.com.br\/index.php\/2019\/05\/03\/bugs-in-your-electrical-outlet-it-really-can-happen\/\" target=\"_self\" rel=\"bookmark noopener noreferrer\">Problemas com sua conex\u00e3o? Confira como testar sua placa de rede!<\/a>\n\t<\/h4>\n\t\t\t\t\t<div class=\"uagb-post-grid-byline\"><time datetime=\"2019-05-03T11:33:49-03:00\" class=\"uagb-post__date\"><span class=\"dashicons-calendar dashicons\"><\/span>maio 3, 2019<\/time><span class=\"uagb-post__comment\"><span class=\"dashicons-admin-comments dashicons\"><\/span>Nenhum coment\u00e1rio<\/span><\/div>\n\t\t\t\t\t<div class=\"uagb-post__excerpt\">\n\t\tDescobrir se a origem de um problema de conex\u00e3o&hellip;\t<\/div>\n\t\t\t\t\t<div class=\"uagb-post__cta\">\n\t\t<a class=\"uagb-post__link uagb-text-link\" href=\"https:\/\/infoprimetecnologia.com.br\/index.php\/2019\/05\/03\/bugs-in-your-electrical-outlet-it-really-can-happen\/\" target=\"_self\" rel=\"bookmark noopener noreferrer\">Leia mais<\/a>\n\t<\/div>\n\t\t\t<\/div>\n\t<\/div>\n\t<\/article>\n<article>\n\t\t<div class=\"uagb-post__inner-wrap\">\n\t\t\t\t\t<div class='uagb-post__image'>\n\t\t<a href=\"https:\/\/infoprimetecnologia.com.br\/index.php\/2019\/05\/03\/why-are-the-lights-flickering\/\" target=\"_self\" rel=\"bookmark noopener noreferrer\"><img loading=\"lazy\" decoding=\"async\" width=\"1024\" height=\"768\" src=\"https:\/\/infoprimetecnologia.com.br\/wp-content\/uploads\/2019\/01\/electric-blog-04-1024x768.jpeg\" class=\"attachment-large size-large\" alt=\"\" srcset=\"https:\/\/infoprimetecnologia.com.br\/wp-content\/uploads\/2019\/01\/electric-blog-04-1024x768.jpeg 1024w, https:\/\/infoprimetecnologia.com.br\/wp-content\/uploads\/2019\/01\/electric-blog-04-300x225.jpeg 300w, https:\/\/infoprimetecnologia.com.br\/wp-content\/uploads\/2019\/01\/electric-blog-04-768x576.jpeg 768w, https:\/\/infoprimetecnologia.com.br\/wp-content\/uploads\/2019\/01\/electric-blog-04.jpeg 1280w\" sizes=\"auto, (max-width: 1024px) 100vw, 1024px\" \/>\t\t<\/a>\n\t<\/div>\n\t\t\t<div class=\"uagb-post__text\">\n\t\t\t\t<h4 class=\"uagb-post__title\">\n\t\t<a href=\"https:\/\/infoprimetecnologia.com.br\/index.php\/2019\/05\/03\/why-are-the-lights-flickering\/\" target=\"_self\" rel=\"bookmark noopener noreferrer\">Por que as luzes est\u00e3o piscando?<\/a>\n\t<\/h4>\n\t\t\t\t\t<div class=\"uagb-post-grid-byline\"><time datetime=\"2019-05-03T12:21:02-03:00\" class=\"uagb-post__date\"><span class=\"dashicons-calendar dashicons\"><\/span>maio 3, 2019<\/time><span class=\"uagb-post__comment\"><span class=\"dashicons-admin-comments dashicons\"><\/span>Nenhum coment\u00e1rio<\/span><\/div>\n\t\t\t\t\t<div class=\"uagb-post__excerpt\">\n\t\tMuita gente imagina a complexidade em manter um servidor&hellip;\t<\/div>\n\t\t\t\t\t<div class=\"uagb-post__cta\">\n\t\t<a class=\"uagb-post__link uagb-text-link\" href=\"https:\/\/infoprimetecnologia.com.br\/index.php\/2019\/05\/03\/why-are-the-lights-flickering\/\" target=\"_self\" rel=\"bookmark noopener noreferrer\">Leia mais<\/a>\n\t<\/div>\n\t\t\t<\/div>\n\t<\/div>\n\t<\/article>\n<article>\n\t\t<div class=\"uagb-post__inner-wrap\">\n\t\t\t\t\t<div class='uagb-post__image'>\n\t\t<a href=\"https:\/\/infoprimetecnologia.com.br\/index.php\/2019\/05\/06\/what-is-a-ground-wire-and-why-is-it-important\/\" target=\"_self\" rel=\"bookmark noopener noreferrer\"><img loading=\"lazy\" decoding=\"async\" width=\"386\" height=\"285\" src=\"https:\/\/infoprimetecnologia.com.br\/wp-content\/uploads\/2018\/12\/dr-06.jpg\" class=\"attachment-large size-large\" alt=\"\" srcset=\"https:\/\/infoprimetecnologia.com.br\/wp-content\/uploads\/2018\/12\/dr-06.jpg 386w, https:\/\/infoprimetecnologia.com.br\/wp-content\/uploads\/2018\/12\/dr-06-300x222.jpg 300w\" sizes=\"auto, (max-width: 386px) 100vw, 386px\" \/>\t\t<\/a>\n\t<\/div>\n\t\t\t<div class=\"uagb-post__text\">\n\t\t\t\t<h4 class=\"uagb-post__title\">\n\t\t<a href=\"https:\/\/infoprimetecnologia.com.br\/index.php\/2019\/05\/06\/what-is-a-ground-wire-and-why-is-it-important\/\" target=\"_self\" rel=\"bookmark noopener noreferrer\">Aterramento em equipamentos e redes de computadores<\/a>\n\t<\/h4>\n\t\t\t\t\t<div class=\"uagb-post-grid-byline\"><time datetime=\"2019-05-06T12:33:37-03:00\" class=\"uagb-post__date\"><span class=\"dashicons-calendar dashicons\"><\/span>maio 6, 2019<\/time><span class=\"uagb-post__comment\"><span class=\"dashicons-admin-comments dashicons\"><\/span>Nenhum coment\u00e1rio<\/span><\/div>\n\t\t\t\t\t<div class=\"uagb-post__excerpt\">\n\t\tO aterramento \u00e9 o fio ou a barra de&hellip;\t<\/div>\n\t\t\t\t\t<div class=\"uagb-post__cta\">\n\t\t<a class=\"uagb-post__link uagb-text-link\" href=\"https:\/\/infoprimetecnologia.com.br\/index.php\/2019\/05\/06\/what-is-a-ground-wire-and-why-is-it-important\/\" target=\"_self\" rel=\"bookmark noopener noreferrer\">Leia mais<\/a>\n\t<\/div>\n\t\t\t<\/div>\n\t<\/div>\n\t<\/article>\n\t\t<\/div>\n\t<\/div>\n\t<\/div><\/section>\n","protected":false},"excerpt":{"rendered":"","protected":false},"author":2,"featured_media":443,"parent":0,"menu_order":0,"comment_status":"closed","ping_status":"closed","template":"","meta":{"footnotes":""},"class_list":["post-377","page","type-page","status-publish","has-post-thumbnail","hentry"],"uagb_featured_image_src":{"full":["https:\/\/infoprimetecnologia.com.br\/wp-content\/uploads\/2017\/08\/industrial-free-img.jpg",600,400,false],"thumbnail":["https:\/\/infoprimetecnologia.com.br\/wp-content\/uploads\/2017\/08\/industrial-free-img-150x150.jpg",150,150,true],"medium":["https:\/\/infoprimetecnologia.com.br\/wp-content\/uploads\/2017\/08\/industrial-free-img-300x200.jpg",300,200,true],"medium_large":["https:\/\/infoprimetecnologia.com.br\/wp-content\/uploads\/2017\/08\/industrial-free-img.jpg",600,400,false],"large":["https:\/\/infoprimetecnologia.com.br\/wp-content\/uploads\/2017\/08\/industrial-free-img.jpg",600,400,false],"1536x1536":["https:\/\/infoprimetecnologia.com.br\/wp-content\/uploads\/2017\/08\/industrial-free-img.jpg",600,400,false],"2048x2048":["https:\/\/infoprimetecnologia.com.br\/wp-content\/uploads\/2017\/08\/industrial-free-img.jpg",600,400,false]},"uagb_author_info":{"display_name":"Principal","author_link":"https:\/\/infoprimetecnologia.com.br\/index.php\/author\/infoprime\/"},"uagb_comment_info":0,"uagb_excerpt":null,"_links":{"self":[{"href":"https:\/\/infoprimetecnologia.com.br\/index.php\/wp-json\/wp\/v2\/pages\/377","targetHints":{"allow":["GET"]}}],"collection":[{"href":"https:\/\/infoprimetecnologia.com.br\/index.php\/wp-json\/wp\/v2\/pages"}],"about":[{"href":"https:\/\/infoprimetecnologia.com.br\/index.php\/wp-json\/wp\/v2\/types\/page"}],"author":[{"embeddable":true,"href":"https:\/\/infoprimetecnologia.com.br\/index.php\/wp-json\/wp\/v2\/users\/2"}],"replies":[{"embeddable":true,"href":"https:\/\/infoprimetecnologia.com.br\/index.php\/wp-json\/wp\/v2\/comments?post=377"}],"version-history":[{"count":6,"href":"https:\/\/infoprimetecnologia.com.br\/index.php\/wp-json\/wp\/v2\/pages\/377\/revisions"}],"predecessor-version":[{"id":1077,"href":"https:\/\/infoprimetecnologia.com.br\/index.php\/wp-json\/wp\/v2\/pages\/377\/revisions\/1077"}],"wp:featuredmedia":[{"embeddable":true,"href":"https:\/\/infoprimetecnologia.com.br\/index.php\/wp-json\/wp\/v2\/media\/443"}],"wp:attachment":[{"href":"https:\/\/infoprimetecnologia.com.br\/index.php\/wp-json\/wp\/v2\/media?parent=377"}],"curies":[{"name":"wp","href":"https:\/\/api.w.org\/{rel}","templated":true}]}}